{"id":443,"date":"2019-11-19T09:51:22","date_gmt":"2019-11-19T09:51:22","guid":{"rendered":"https:\/\/demo.themeum.com\/wordpress\/skillate\/?page_id=443"},"modified":"2025-11-18T14:59:51","modified_gmt":"2025-11-18T06:59:51","slug":"about","status":"publish","type":"page","link":"https:\/\/www.amazmimas.net\/en\/about\/","title":{"rendered":"About Teacher"},"content":{"rendered":"<div class=\"vc_row wpb_row row top-row vc_row-o-content-middle vc_row-flex wpb_custom_034b39d9bc6c6b310d69e39f0ccf274f\"><div class=\"vc_column_container col-md-6\"><div class=\"wpb_wrapper vc_column-inner\">\n\t<div class=\"wpb_single_image wpb_content_element vc_align_left  wpb_custom_81a4f7ef9830bf958462581aa01150fb\"><div class=\"wpb_wrapper\">\n\t\t\t\n\t\t\t<div class=\"vc_single_image-wrapper   vc_box_border_grey\"><img loading=\"lazy\" decoding=\"async\" width=\"600\" height=\"900\" src=\"https:\/\/www.amazmimas.net\/wp-content\/uploads\/2021\/03\/amazmamaz-1.png\" class=\"vc_single_image-img attachment-full\" alt=\"\" title=\"amazmamaz-1\" srcset=\"https:\/\/www.amazmimas.net\/wp-content\/uploads\/2021\/03\/amazmamaz-1.png 600w, https:\/\/www.amazmimas.net\/wp-content\/uploads\/2021\/03\/amazmamaz-1-576x864.png 576w\" sizes=\"auto, (max-width: 600px) 100vw, 600px\" \/><\/div>\n\t\t<\/div>\n\t<\/div>\n<\/div><\/div><div class=\"vc_column_container col-md-6\"><div class=\"wpb_wrapper vc_column-inner\"><h2 style=\"font-size: 28px;line-height: 30px;font-weight:600\" class=\"vc_custom_heading mb-3 wpb_custom_aa365bd5046e8294520b4e73732b9d15 align-left\" >Teacher Deines Liew\uff5c\u0100ma LifeEnergy Consultant<\/h2>\n\t<div class=\"wpb_text_column  vc_custom_1763449127149 wpb_custom_7c91d232724f73626cc933bd95b25ff0\" >\n\t\t<div class=\"wpb_wrapper\">\n\t\t\t<p>\ud83c\udf97\ufe0fCurrent Roles Founder of AmazMimas Academy, where she has developed a comprehensive online system for LifeEnergy transformation, including professional consultations, online courses, energy tools and LifeEnergy products.<\/p>\n\n\t\t<\/div>\n\t<\/div>\n\n\t<div class=\"wpb_text_column  vc_custom_1763449134815 wpb_custom_7c91d232724f73626cc933bd95b25ff0\" >\n\t\t<div class=\"wpb_wrapper\">\n\t\t\t<p>She also established the \u0100ma brand, dedicated to integrating: \u0100ma LifeNumbers \u00d7 \u0100ma LifeCodes \u00d7 \u0100ma LifeAwakening \u00d7 \u0100ma LifeOneness\u2014 combining scientific logic with energy wisdom to guide students in elevating their life-force frequency.<\/p>\n\n\t\t<\/div>\n\t<\/div>\n\n\t<div class=\"wpb_text_column  vc_custom_1763449152600 wpb_custom_7c91d232724f73626cc933bd95b25ff0\" >\n\t\t<div class=\"wpb_wrapper\">\n\t\t\t<p>\ud83c\udf97\ufe0fAreas of Expertise Since 2009, Teacher Deines Liew has devoted over fifteen years to the field of LifeEnergy, accumulating extensive hands-on experience. She integrates Eastern and Western wisdom across multiple disciplines, including: numerological energy, pendulum work, crystal frequency tuning, mindful nutrition, sleep alignment, energy movement, emotional calibration, meditation-oneness practices and breathwork healing.<\/p>\n\n\t\t<\/div>\n\t<\/div>\n\n\t<div class=\"wpb_text_column  vc_custom_1763449162147 wpb_custom_7c91d232724f73626cc933bd95b25ff0\" >\n\t\t<div class=\"wpb_wrapper\">\n\t\t\t<p>She has developed a complete LifeEnergy System incorporating: EnergyDiagnosis \u00d7 EnergyTuning \u00d7 EnergyStabilization \u00d7 EnergyManagement \u00d7 EnergyHealing, supporting clients worldwide in achieving deep transformation.<\/p>\n\n\t\t<\/div>\n\t<\/div>\n\n\t<div class=\"wpb_text_column  vc_custom_1763449175734 wpb_custom_7c91d232724f73626cc933bd95b25ff0\" >\n\t\t<div class=\"wpb_wrapper\">\n\t\t\t<p>To date, she has conducted over ten thousand online and in-person sessions and classes, guiding people globally in elevating their health, career, relationships, wealth flow and spiritual awakening.<\/p>\n\n\t\t<\/div>\n\t<\/div>\n\n\t<div class=\"wpb_text_column  vc_custom_1763449181909 wpb_custom_7c91d232724f73626cc933bd95b25ff0\" >\n\t\t<div class=\"wpb_wrapper\">\n\t\t\t<p>\ud83c\udf97\ufe0fProfessional Background Former Engineering Manager in Quality Management at a major multinational corporation. Founder of a Children\u2019s Whole-Brain Development Center. Her cross-disciplinary background allows her energy teachings to be grounded, structured, and scientifically aligned.<\/p>\n\n\t\t<\/div>\n\t<\/div>\n\n\t<div class=\"wpb_text_column  wpb_custom_7c91d232724f73626cc933bd95b25ff0\" >\n\t\t<div class=\"wpb_wrapper\">\n\t\t\t<p>\ud83c\udf97\ufe0fEducational Journey Completed the LifeCode Teacher Training Program under Greek teacher Dr. Dimitrious Lenis and continued advanced studies with energy and spiritual mentors from the United States, China, Hong Kong, Malaysia and other regions. Her learning spans LifeEnergy, LifeCodes, numerological energy, pendulum energy, esoteric studies and metaphysics \u2014 culminating in the creation of the unique \u0100ma LifeEnergy Method.<\/p>\n\n\t\t<\/div>\n\t<\/div>\n<\/div><\/div><\/div>","protected":false},"excerpt":{"rendered":"\u963f\u7c73\u8001\u5e08\uff5c\u0100ma \u4e9a\u739b\u751f\u547d\u80fd\u91cf\u987e\u95ee \ud83c\udf97\ufe0f\u73b0\u4efb\u4e8b\u4e1a \u521b\u529e\u4e9a\u739b\u751f\u547d\u80fd\u91cf\u7ba1\u7406\u5b66\u9662\uff0c\u5e76\u5f00\u53d1\u5b8c\u6574\u7684\u4e9a\u739b\u751f\u547d\u80fd\u91cf\u7ebf\u4e0a\u7cfb\u7edf\uff0c\u5305\u62ec\uff1a\u4e13\u4e1a\u4e2a\u6848\u3001\u7ebf\u4e0a\u8bfe\u7a0b\u3001\u80fd\u91cf\u5de5\u5177\u4e0e\u4ea7\u54c1\u3002 \u540c\u65f6\u6253\u9020 \u0100ma\u4e9a\u739b\u54c1\u724c\uff0c\u6df1\u5165\u7814\u7a76\u4e0e\u6574\u5408\uff1a\u4e9a\u739b\u751f\u547d\u6570\u5b57 \u00d7 \u4e9a\u739b\u751f\u547d\u5bc6\u7801 \u00d7 \u4e9a\u739b\u751f\u547d\u89c9\u9192 \u00d7 \u4e9a\u739b\u751f\u547d\u5408\u4e00 \u4ee5\u79d1\u5b66\u903b\u8f91\uff0b\u80fd\u91cf\u667a\u6167\uff0c\u5f15\u9886\u5b66\u5458\u5168\u9762\u63d0\u5347\u751f\u547d\u80fd\u91cf\u9891\u7387\u3002 \ud83c\udf97\ufe0f\u4e2a\u4eba\u4e13\u957f \u81ea 2009 \u5e74\u81f3\u4eca\uff0c\u6df1\u8015\u751f\u547d\u80fd\u91cf\u9886\u57df\u8d85\u8fc7\u5341\u4e94\u5e74\uff0c\u62e5\u6709\u4e30\u5bcc\u5b9e\u6218\u7ecf\u9a8c\u3002\u6574\u5408\u4e1c\u65b9\u4e0e\u897f\u65b9\u667a\u6167\uff0c\u878d\u5165\uff1a\u6570\u5b57\u80fd\u91cf\u3001\u7075\u6446\u80fd\u91cf\u3001\u6c34\u6676\u8c03\u9891\u3001\u8eab\u5fc3\u996e\u98df\u3001\u7761\u7720\u7cfb\u7edf\u3001\u80fd\u91cf\u8fd0\u52a8\u3001\u60c5\u7eea\u6821\u51c6\u3001\u9759\u5750\u5408\u4e00\u4e0e\u547c\u5438\u7597\u6108\u7b49\u7cfb\u7edf\u6027\u65b9\u6cd5\u3002 \u5e76\u5f00\u53d1\u51fa\u4e00\u5957\u5b8c\u6574\u7684 \u751f\u547d\u80fd\u91cf\u8bca\u65ad \u00d7 \u8c03\u9891 \u00d7 \u5b9a\u9891 \u00d7 \u5e03\u5c40 \u00d7 \u7597\u6108 \u6a21\u7ec4\uff0c\u4e3a\u5168\u7403\u5b66\u5458\u5e26\u6765\u6df1\u5ea6\u8f6c\u5316\u3002 \u81f3\u4eca\u5df2\u7d2f\u79ef \u4e0a\u4e07\u6b21\u7ebf\u4e0a\u4e0e\u7ebf\u4e0b\u6559\u5b66\u4e0e\u4e2a\u6848\u5206\u6790\uff0c\u5ba2\u6237\u904d\u5e03\u4e16\u754c\u5404\u5730\uff0c\u6301\u7eed\u966a\u4f34\u65e0\u6570\u4eba\u5728\u5065\u5eb7\u3001\u4e8b\u4e1a\u3001\u60c5\u611f\u3001\u8d22\u5bcc\u4e0e\u7075\u6027\u89c9\u9192\u4e0a\u8dc3\u5347\u3002 \ud83c\udf97\ufe0f\u8fc7\u5f80\u7ecf\u5386 \u66fe\u4efb\u5927\u578b\u5916\u8d44\u4f01\u4e1a\u54c1\u8d28\u7ba1\u7406\u5de5\u7a0b\u90e8\u7ecf\u7406\uff0c\u540c\u65f6\u521b\u529e\u8fc7\u513f\u7ae5\u5168\u8111\u6f5c\u80fd\u5f00\u53d1\u6559\u80b2\u4e2d\u5fc3\uff0c\u5177\u5907\u8de8\u9886\u57df\u4e13\u4e1a\u80cc\u666f\uff0c\u8ba9\u80fd\u91cf\u6559\u5b66\u66f4\u624e\u5b9e\u3001\u7cfb\u7edf\u4e0e\u79d1\u5b66\u5316\u3002 \ud83c\udf97\ufe0f\u5b66\u4e60\u5386\u7a0b \u7cfb\u7edf\u5b8c\u6210 \u5e0c\u814a Dr. Dimitrious Lenis \u8001\u5e08\u7684\u751f\u547d\u5bc6\u7801\u5e08\u8d44\u57f9\u8bad\uff0c\u5e76\u5411\u6765\u81ea\u7f8e\u56fd\u3001\u4e2d\u56fd\u3001\u9999\u6e2f\u3001\u9a6c\u6765\u897f\u4e9a\u7b49\u5730\u533a\u7684\u80fd\u91cf\u5bfc\u5e08\u4e0e\u7075\u6027\u5bfc\u5e08\u6df1\u9020\uff0c\u5305\u62ec\u751f\u547d\u80fd\u91cf\u3001\u751f\u547d\u5bc6\u7801\u3001\u6570\u5b57\u80fd\u91cf\u3001\u7075\u6446\u80fd\u91cf\u3001\u795e\u79d8\u5b66\u4e0e\u7384\u5b66\u4f53\u7cfb\u7b49\uff0c\u6301\u7eed\u7cbe\u8fdb\uff0c\u878d\u5408\u4e3a\u72ec\u7279\u7684\u4e9a\u739b\u751f\u547d\u80fd\u91cf\u6cd5\u3002","protected":false},"author":1,"featured_media":0,"parent":0,"menu_order":0,"comment_status":"closed","ping_status":"closed","template":"","meta":{"footnotes":""},"class_list":["post-443","page","type-page","status-publish","hentry"],"_links":{"self":[{"href":"https:\/\/www.amazmimas.net\/en\/wp-json\/wp\/v2\/pages\/443","targetHints":{"allow":["GET"]}}],"collection":[{"href":"https:\/\/www.amazmimas.net\/en\/wp-json\/wp\/v2\/pages"}],"about":[{"href":"https:\/\/www.amazmimas.net\/en\/wp-json\/wp\/v2\/types\/page"}],"author":[{"embeddable":true,"href":"https:\/\/www.amazmimas.net\/en\/wp-json\/wp\/v2\/users\/1"}],"replies":[{"embeddable":true,"href":"https:\/\/www.amazmimas.net\/en\/wp-json\/wp\/v2\/comments?post=443"}],"version-history":[{"count":13,"href":"https:\/\/www.amazmimas.net\/en\/wp-json\/wp\/v2\/pages\/443\/revisions"}],"predecessor-version":[{"id":11794,"href":"https:\/\/www.amazmimas.net\/en\/wp-json\/wp\/v2\/pages\/443\/revisions\/11794"}],"wp:attachment":[{"href":"https:\/\/www.amazmimas.net\/en\/wp-json\/wp\/v2\/media?parent=443"}],"curies":[{"name":"wp","href":"https:\/\/api.w.org\/{rel}","templated":true}]}}